{"id":4231,"date":"2022-11-27T10:39:16","date_gmt":"2022-11-27T10:39:16","guid":{"rendered":"https:\/\/bioingenieria.zeus.umh.es\/unidad-de-ingenieria-biomedica\/"},"modified":"2022-12-09T19:19:31","modified_gmt":"2022-12-09T19:19:31","slug":"unidad-de-ingenieria-biomedica","status":"publish","type":"page","link":"https:\/\/bioingenieria.umh.es\/en\/unidad-de-ingenieria-biomedica\/","title":{"rendered":"Unidad de Ingenier\u00eda Biom\u00e9dica"},"content":{"rendered":"<p>[et_pb_section fb_built=&#8221;1&#8243; fullwidth=&#8221;on&#8221; disabled_on=&#8221;on|on|on&#8221; admin_label=&#8221;Secci\u00f3n&#8221; _builder_version=&#8221;4.16&#8243; disabled=&#8221;on&#8221; global_colors_info=&#8221;{}&#8221;][et_pb_fullwidth_header title=&#8221;UNIDAD DE INGENIER\u00cdA BIOM\u00c9DICA&#8221; text_orientation=&#8221;center&#8221; content_max_width=&#8221;none&#8221; admin_label=&#8221;T\u00edtulo de anchura completa&#8221; _builder_version=&#8221;4.16&#8243; background_color=&#8221;#26aa9f&#8221; button_one_letter_spacing_hover=&#8221;0&#8243; button_two_letter_spacing_hover=&#8221;0&#8243; global_colors_info=&#8221;{}&#8221; button_one_text_size__hover_enabled=&#8221;off&#8221; button_two_text_size__hover_enabled=&#8221;off&#8221; button_one_text_color__hover_enabled=&#8221;off&#8221; button_two_text_color__hover_enabled=&#8221;off&#8221; button_one_border_width__hover_enabled=&#8221;off&#8221; button_two_border_width__hover_enabled=&#8221;off&#8221; button_one_border_color__hover_enabled=&#8221;off&#8221; button_two_border_color__hover_enabled=&#8221;off&#8221; button_one_border_radius__hover_enabled=&#8221;off&#8221; button_two_border_radius__hover_enabled=&#8221;off&#8221; button_one_letter_spacing__hover_enabled=&#8221;on&#8221; button_one_letter_spacing__hover=&#8221;0&#8243; button_two_letter_spacing__hover_enabled=&#8221;on&#8221; button_two_letter_spacing__hover=&#8221;0&#8243; button_one_bg_color__hover_enabled=&#8221;off&#8221; button_two_bg_color__hover_enabled=&#8221;off&#8221;] [\/et_pb_fullwidth_header][\/et_pb_section][et_pb_section fb_built=&#8221;1&#8243; disabled_on=&#8221;on|on|on&#8221; admin_label=&#8221;section&#8221; _builder_version=&#8221;4.16&#8243; disabled=&#8221;on&#8221; global_colors_info=&#8221;{}&#8221;][et_pb_row padding_mobile=&#8221;off&#8221; column_padding_mobile=&#8221;on&#8221; admin_label=&#8221;Fila&#8221; _builder_version=&#8221;4.16&#8243; background_size=&#8221;initial&#8221; background_position=&#8221;top_left&#8221; background_repeat=&#8221;repeat&#8221; max_width=&#8221;960px&#8221; make_fullwidth=&#8221;off&#8221; use_custom_width=&#8221;on&#8221; width_unit=&#8221;on&#8221; custom_width_px=&#8221;960px&#8221; global_colors_info=&#8221;{}&#8221;][et_pb_column type=&#8221;4_4&#8243; _builder_version=&#8221;4.16&#8243; custom_padding=&#8221;|||&#8221; global_colors_info=&#8221;{}&#8221; custom_padding__hover=&#8221;|||&#8221;][et_pb_text admin_label=&#8221;Texto&#8221; _builder_version=&#8221;4.16&#8243; background_size=&#8221;initial&#8221; background_position=&#8221;top_left&#8221; background_repeat=&#8221;repeat&#8221; use_border_color=&#8221;off&#8221; border_color=&#8221;#ffffff&#8221; border_style=&#8221;solid&#8221; global_colors_info=&#8221;{}&#8221;]<\/p>\n<p style=\"text-align: justify\">nBio, la Unidad de Neuroingenier\u00eda Biom\u00e9dica, centra sus intereses de investigaci\u00f3n en la rob\u00f3tica m\u00e9dica y quir\u00fargica, los dispositivos de rehabilitaci\u00f3n y asistencia, la inteligencia artificial, la medicina regenerativa, las neuropr\u00f3tesis visuales, la imagen m\u00e9dica, la interacci\u00f3n hombre-robot, el desarrollo de dispositivos capaces de interactuar de forma bidireccional con el sistema nervioso (registro y estimulaci\u00f3n), los estudios de biocompatibilidad in vitro e in vivo, la neuroimagen y la plasticidad cerebral y la rob\u00f3tica de servicio.<br \/>\nEl grupo es multidisciplinar y est\u00e1 compuesto por especialistas en diversos campos como la ingenier\u00eda, la inform\u00e1tica, la rob\u00f3tica, la medicina, etc. Su principal objetivo es el dise\u00f1o y desarrollo de dispositivos inteligentes y sistemas rob\u00f3ticos que puedan ayudar a mejorar la capacidad cognitiva y comunicativa, la salud y la capacidad f\u00edsica de las personas que sufren discapacidades motoras y sensoriales. En concreto, nBio cuenta con una larga experiencia en rob\u00f3tica quir\u00fargica, rehabilitaci\u00f3n y rob\u00f3tica asistencial, an\u00e1lisis y procesamiento de biose\u00f1ales, interfaces multimodales, incluidas las interfaces cerebro-m\u00e1quina, rob\u00f3tica de servicio y algoritmos de inteligencia artificial.<br \/>\nEl grupo de investigaci\u00f3n es el coordinador de m\u00faltiples proyectos europeos y nacionales relacionados con el desarrollo de dispositivos capaces de interactuar de forma bidireccional con el sistema nervioso, la rob\u00f3tica de rehabilitaci\u00f3n, las interfaces hombre-m\u00e1quina, la rob\u00f3tica quir\u00fargica, las interfaces multimodales, las interfaces cerebro-m\u00e1quina y el control y dise\u00f1o de dispositivos rob\u00f3ticos.<\/p>\n<p>[\/et_pb_text][\/et_pb_column][\/et_pb_row][et_pb_row padding_mobile=&#8221;off&#8221; column_padding_mobile=&#8221;on&#8221; admin_label=&#8221;Fila&#8221; _builder_version=&#8221;4.16&#8243; background_size=&#8221;initial&#8221; background_position=&#8221;top_left&#8221; background_repeat=&#8221;repeat&#8221; max_width=&#8221;860px&#8221; make_fullwidth=&#8221;off&#8221; use_custom_width=&#8221;on&#8221; width_unit=&#8221;on&#8221; custom_width_px=&#8221;860px&#8221; global_colors_info=&#8221;{}&#8221;][et_pb_column type=&#8221;4_4&#8243; _builder_version=&#8221;4.16&#8243; custom_padding=&#8221;|||&#8221; global_colors_info=&#8221;{}&#8221; custom_padding__hover=&#8221;|||&#8221;][et_pb_text admin_label=&#8221;Texto&#8221; _builder_version=&#8221;4.16&#8243; background_size=&#8221;initial&#8221; background_position=&#8221;top_left&#8221; background_repeat=&#8221;repeat&#8221; use_border_color=&#8221;off&#8221; border_color=&#8221;#ffffff&#8221; border_style=&#8221;solid&#8221; global_colors_info=&#8221;{}&#8221;]<\/p>\n<table>\n<tbody>\n<tr>\n<td><strong>Coordinador de la unidad<\/strong><\/td>\n<td>Eduardo Fern\u00e1ndez Jover<\/td>\n<\/tr>\n<tr>\n<td><strong><strong>Contacto<\/strong><\/strong><\/td>\n<td><a href=\"mailto:e.fernandez@umh.es\" target=\"_blank\" rel=\"noopener\">e.fernandez@umh.es<\/a><\/td>\n<\/tr>\n<\/tbody>\n<\/table>\n<p>[\/et_pb_text][\/et_pb_column][\/et_pb_row][et_pb_row padding_mobile=&#8221;off&#8221; column_padding_mobile=&#8221;on&#8221; admin_label=&#8221;Fila&#8221; _builder_version=&#8221;4.16&#8243; background_size=&#8221;initial&#8221; background_position=&#8221;top_left&#8221; background_repeat=&#8221;repeat&#8221; max_width=&#8221;960px&#8221; make_fullwidth=&#8221;off&#8221; use_custom_width=&#8221;on&#8221; width_unit=&#8221;on&#8221; custom_width_px=&#8221;960px&#8221; global_colors_info=&#8221;{}&#8221;][et_pb_column type=&#8221;4_4&#8243; _builder_version=&#8221;4.16&#8243; custom_padding=&#8221;|||&#8221; global_colors_info=&#8221;{}&#8221; custom_padding__hover=&#8221;|||&#8221;][et_pb_text admin_label=&#8221;Texto&#8221; _builder_version=&#8221;4.16&#8243; background_size=&#8221;initial&#8221; background_position=&#8221;top_left&#8221; background_repeat=&#8221;repeat&#8221; use_border_color=&#8221;off&#8221; border_color=&#8221;#ffffff&#8221; border_style=&#8221;solid&#8221; global_colors_info=&#8221;{}&#8221;]<\/p>\n<h2 style=\"text-align: left\"><strong>GRUPOS<\/strong><\/h2>\n<p style=\"text-align: justify\">El Instituto de BioIngenier\u00eda de la Universidad Miguel Hern\u00e1ndez cuenta con distintos grupos de Ingenier\u00eda Biom\u00e9dica:<\/p>\n<p>[\/et_pb_text][\/et_pb_column][\/et_pb_row][et_pb_row padding_mobile=&#8221;off&#8221; column_padding_mobile=&#8221;on&#8221; admin_label=&#8221;row&#8221; _builder_version=&#8221;4.16&#8243; background_size=&#8221;initial&#8221; background_position=&#8221;top_left&#8221; background_repeat=&#8221;repeat&#8221; max_width=&#8221;860px&#8221; make_fullwidth=&#8221;off&#8221; use_custom_width=&#8221;on&#8221; width_unit=&#8221;on&#8221; custom_width_px=&#8221;860px&#8221; global_colors_info=&#8221;{}&#8221;][et_pb_column type=&#8221;4_4&#8243; _builder_version=&#8221;4.16&#8243; custom_padding=&#8221;|||&#8221; global_colors_info=&#8221;{}&#8221; custom_padding__hover=&#8221;|||&#8221;][et_pb_text admin_label=&#8221;Texto&#8221; _builder_version=&#8221;4.16&#8243; background_size=&#8221;initial&#8221; background_position=&#8221;top_left&#8221; background_repeat=&#8221;repeat&#8221; use_border_color=&#8221;off&#8221; border_color=&#8221;#ffffff&#8221; border_style=&#8221;solid&#8221; global_colors_info=&#8221;{}&#8221;]<\/p>\n<h2 class=\"et_pb_toggle_title\"><a>Rob\u00f3tica e Inteligencia Artificial<\/a><\/h2>\n<p style=\"text-align: justify\">El grupo de Rob\u00f3tica e Inteligencia Artificial de la Universidad Miguel Hern\u00e1ndez de Elche es un grupo multidisciplinar formado por especialistas en diversas disciplinas como medicina, ingenier\u00eda, inform\u00e1tica, fisioterapia, terapia ocupacional, etc. El car\u00e1cter distintivo del grupo radica en la contribuci\u00f3n sin\u00e9rgica de todos sus miembros para poder afrontar con garant\u00edas de \u00e9xito el estudio de las complejas interacciones entre sistemas vivos y sistemas artificiales. Nuestros principales objetivos se centran en: 1) el dise\u00f1o y desarrollo de novedosos sistemas avanzados de rehabilitaci\u00f3n rob\u00f3tica que mejoren la recuperaci\u00f3n motora y cognitiva de personas que hayan sufrido da\u00f1o cerebral adquirido; 2) desarrollo de sistemas rob\u00f3ticos que asistan a persona mayores o personas con capacidades diferentes en la realizaci\u00f3n de actividades de la vida diaria; y 3) la aplicaci\u00f3n de los desarrollos realizados en rob\u00f3tica e inteligencia artificial a otros \u00e1mbitos, como por ejemplo, la industria, la medicina, el sector servicios, etc.<\/p>\n<p>[\/et_pb_text][\/et_pb_column][\/et_pb_row][et_pb_row padding_mobile=&#8221;off&#8221; column_padding_mobile=&#8221;on&#8221; admin_label=&#8221;row&#8221; _builder_version=&#8221;4.16&#8243; background_size=&#8221;initial&#8221; background_position=&#8221;top_left&#8221; background_repeat=&#8221;repeat&#8221; max_width=&#8221;860px&#8221; make_fullwidth=&#8221;off&#8221; use_custom_width=&#8221;on&#8221; width_unit=&#8221;on&#8221; custom_width_px=&#8221;860px&#8221; global_colors_info=&#8221;{}&#8221;][et_pb_column type=&#8221;4_4&#8243; _builder_version=&#8221;4.16&#8243; custom_padding=&#8221;|||&#8221; global_colors_info=&#8221;{}&#8221; custom_padding__hover=&#8221;|||&#8221;][et_pb_text admin_label=&#8221;Texto&#8221; _builder_version=&#8221;4.16&#8243; background_size=&#8221;initial&#8221; background_position=&#8221;top_left&#8221; background_repeat=&#8221;repeat&#8221; use_border_color=&#8221;off&#8221; border_color=&#8221;#ffffff&#8221; border_style=&#8221;solid&#8221; global_colors_info=&#8221;{}&#8221;]<\/p>\n<h2 class=\"et_pb_toggle_title\"><a>Rob\u00f3tica M\u00e9dica<\/a><\/h2>\n<p style=\"text-align: justify\">El grupo de rob\u00f3tica m\u00e9dica es un equipo multidisciplinar dedicado al desarrollo de tecnolog\u00eda rob\u00f3tica en el \u00e1mbito de la salud y la cirug\u00eda. Expertos en el desarrollo de electr\u00f3nica wearable para la monitorizaci\u00f3n de par\u00e1metros biom\u00e9tricos y en la aplicaci\u00f3n de t\u00e9cnicas de inteligencia artificial (IA) para el diagn\u00f3stico precoz de patolog\u00edas y\/o la mejora de la calidad de vida de los usuarios. En el campo de la cirug\u00eda trabajamos en el desarrollo de nuevos sistemas de imagen m\u00e9dica intraoperatoria, basados en RF y US, para su aplicaci\u00f3n a la cirug\u00eda rob\u00f3tica guiada por imagen.<\/p>\n<p>[\/et_pb_text][\/et_pb_column][\/et_pb_row][\/et_pb_section][et_pb_section fb_built=&#8221;1&#8243; fullwidth=&#8221;on&#8221; disabled_on=&#8221;off|off|off&#8221; admin_label=&#8221;Secci\u00f3n&#8221; _builder_version=&#8221;4.16&#8243; global_colors_info=&#8221;{}&#8221;][et_pb_fullwidth_header title=&#8221;BIOMEDICAL ENGINEERING UNIT&#8221; text_orientation=&#8221;center&#8221; content_max_width=&#8221;none&#8221; admin_label=&#8221;T\u00edtulo de anchura completa&#8221; _builder_version=&#8221;4.16&#8243; background_color=&#8221;#26aa9f&#8221; button_one_letter_spacing_hover=&#8221;0&#8243; button_two_letter_spacing_hover=&#8221;0&#8243; global_colors_info=&#8221;{}&#8221; button_one_text_size__hover_enabled=&#8221;off&#8221; button_two_text_size__hover_enabled=&#8221;off&#8221; button_one_text_color__hover_enabled=&#8221;off&#8221; button_two_text_color__hover_enabled=&#8221;off&#8221; button_one_border_width__hover_enabled=&#8221;off&#8221; button_two_border_width__hover_enabled=&#8221;off&#8221; button_one_border_color__hover_enabled=&#8221;off&#8221; button_two_border_color__hover_enabled=&#8221;off&#8221; button_one_border_radius__hover_enabled=&#8221;off&#8221; button_two_border_radius__hover_enabled=&#8221;off&#8221; button_one_letter_spacing__hover_enabled=&#8221;on&#8221; button_one_letter_spacing__hover=&#8221;0&#8243; button_two_letter_spacing__hover_enabled=&#8221;on&#8221; button_two_letter_spacing__hover=&#8221;0&#8243; button_one_bg_color__hover_enabled=&#8221;off&#8221; button_two_bg_color__hover_enabled=&#8221;off&#8221;] [\/et_pb_fullwidth_header][\/et_pb_section][et_pb_section fb_built=&#8221;1&#8243; disabled_on=&#8221;off|off|off&#8221; admin_label=&#8221;section&#8221; _builder_version=&#8221;4.16&#8243; global_colors_info=&#8221;{}&#8221;][et_pb_row padding_mobile=&#8221;off&#8221; column_padding_mobile=&#8221;on&#8221; admin_label=&#8221;Fila&#8221; _builder_version=&#8221;4.16&#8243; background_size=&#8221;initial&#8221; background_position=&#8221;top_left&#8221; background_repeat=&#8221;repeat&#8221; make_fullwidth=&#8221;off&#8221; use_custom_width=&#8221;on&#8221; width_unit=&#8221;on&#8221; custom_width_px=&#8221;960px&#8221; global_colors_info=&#8221;{}&#8221;][et_pb_column type=&#8221;4_4&#8243; _builder_version=&#8221;4.16&#8243; custom_padding=&#8221;|||&#8221; global_colors_info=&#8221;{}&#8221; custom_padding__hover=&#8221;|||&#8221;][et_pb_text admin_label=&#8221;Texto&#8221; _builder_version=&#8221;4.16&#8243; text_text_color=&#8221;#000000&#8243; background_size=&#8221;initial&#8221; background_position=&#8221;top_left&#8221; background_repeat=&#8221;repeat&#8221; use_border_color=&#8221;off&#8221; border_color=&#8221;#ffffff&#8221; border_style=&#8221;solid&#8221; global_colors_info=&#8221;{}&#8221;]<\/p>\n<div style=\"text-align: justify\">nBio, the Biomedical Neuroengineering Unit focuses its research interests on medical and surgical robotics, rehabilitation and assistive devices, artificial intelligence, regenerative medicine, visual neuro-prostheses, medical image, human-robot interaction, development of devices capable of two-way interaction with the nervous system (recording and stimulation), in vitro and in vivo biocompatibility studies, neuroimaging and brain plasticity and service robotics.<\/div>\n<div style=\"text-align: justify\">The group is a multidisciplinary group composed of specialists in various fields such as engineering, computer science, robotics, medicine, etc. Its main aim is the design and development of intelligent devices and robotic systems that may help to improve the cognitive and communicative ability, the health and physical ability of people suffering from motor and sensory disabilities. In particular, nBio has long-term expertise in surgical robotics, rehabilitation and assistive robotics, analysis and processing of biosignals, multimodal interfaces, including brain-machine interfaces, service robotics and artificial intelligence algorithms.<\/div>\n<div style=\"text-align: justify\">The research group is the coordinator of multiple\u00a0European and national projects related with the development of devices capable of two-way interaction with the nervous system, rehabilitation robotics, human-machine interfaces, surgical robotics, multimodal interfaces, brain machine interfaces and control and design of robotic devices.<\/div>\n<p>[\/et_pb_text][\/et_pb_column][\/et_pb_row][et_pb_row padding_mobile=&#8221;off&#8221; column_padding_mobile=&#8221;on&#8221; admin_label=&#8221;Fila&#8221; _builder_version=&#8221;4.16&#8243; background_size=&#8221;initial&#8221; background_position=&#8221;top_left&#8221; background_repeat=&#8221;repeat&#8221; max_width=&#8221;860px&#8221; make_fullwidth=&#8221;off&#8221; use_custom_width=&#8221;on&#8221; width_unit=&#8221;on&#8221; custom_width_px=&#8221;860px&#8221; global_colors_info=&#8221;{}&#8221;][et_pb_column type=&#8221;4_4&#8243; _builder_version=&#8221;4.16&#8243; custom_padding=&#8221;|||&#8221; global_colors_info=&#8221;{}&#8221; custom_padding__hover=&#8221;|||&#8221;][et_pb_text admin_label=&#8221;Texto&#8221; _builder_version=&#8221;4.16&#8243; text_text_color=&#8221;#000000&#8243; background_size=&#8221;initial&#8221; background_position=&#8221;top_left&#8221; background_repeat=&#8221;repeat&#8221; use_border_color=&#8221;off&#8221; border_color=&#8221;#ffffff&#8221; border_style=&#8221;solid&#8221; global_colors_info=&#8221;{}&#8221;]<\/p>\n<table>\n<tbody>\n<tr>\n<td><strong>Unit Coordinator<\/strong><\/td>\n<td>Eduardo Fern\u00e1ndez Jover<\/td>\n<\/tr>\n<tr>\n<td><strong><strong>Contact<\/strong><\/strong><\/td>\n<td><a href=\"mailto:e.fernandez@umh.es\" target=\"_blank\" rel=\"noopener\">e.fernandez@umh.es<\/a><\/td>\n<\/tr>\n<\/tbody>\n<\/table>\n<p>[\/et_pb_text][\/et_pb_column][\/et_pb_row][et_pb_row padding_mobile=&#8221;off&#8221; column_padding_mobile=&#8221;on&#8221; admin_label=&#8221;Fila&#8221; _builder_version=&#8221;4.16&#8243; background_size=&#8221;initial&#8221; background_position=&#8221;top_left&#8221; background_repeat=&#8221;repeat&#8221; make_fullwidth=&#8221;off&#8221; use_custom_width=&#8221;on&#8221; width_unit=&#8221;on&#8221; custom_width_px=&#8221;960px&#8221; global_colors_info=&#8221;{}&#8221;][et_pb_column type=&#8221;4_4&#8243; _builder_version=&#8221;4.16&#8243; custom_padding=&#8221;|||&#8221; global_colors_info=&#8221;{}&#8221; custom_padding__hover=&#8221;|||&#8221;][et_pb_text admin_label=&#8221;Texto&#8221; _builder_version=&#8221;4.16&#8243; text_text_color=&#8221;#000000&#8243; background_size=&#8221;initial&#8221; background_position=&#8221;top_left&#8221; background_repeat=&#8221;repeat&#8221; use_border_color=&#8221;off&#8221; border_color=&#8221;#ffffff&#8221; border_style=&#8221;solid&#8221; global_colors_info=&#8221;{}&#8221;]<\/p>\n<h2 style=\"text-align: left\"><strong>GROUPS<\/strong><\/h2>\n<p style=\"text-align: justify\">The Institute of Bioengineering of the Miguel Hern\u00e1ndez University has different groups of Biomedical Engineering:<\/p>\n<p>[\/et_pb_text][\/et_pb_column][\/et_pb_row][et_pb_row padding_mobile=&#8221;off&#8221; column_padding_mobile=&#8221;on&#8221; admin_label=&#8221;row&#8221; _builder_version=&#8221;4.16&#8243; background_size=&#8221;initial&#8221; background_position=&#8221;top_left&#8221; background_repeat=&#8221;repeat&#8221; make_fullwidth=&#8221;off&#8221; use_custom_width=&#8221;on&#8221; width_unit=&#8221;on&#8221; custom_width_px=&#8221;860px&#8221; global_colors_info=&#8221;{}&#8221;][et_pb_column type=&#8221;4_4&#8243; _builder_version=&#8221;4.16&#8243; custom_padding=&#8221;|||&#8221; global_colors_info=&#8221;{}&#8221; custom_padding__hover=&#8221;|||&#8221;][et_pb_text admin_label=&#8221;Texto&#8221; _builder_version=&#8221;4.16&#8243; text_text_color=&#8221;#000000&#8243; background_size=&#8221;initial&#8221; background_position=&#8221;top_left&#8221; background_repeat=&#8221;repeat&#8221; use_border_color=&#8221;off&#8221; border_color=&#8221;#ffffff&#8221; border_style=&#8221;solid&#8221; global_colors_info=&#8221;{}&#8221;]<\/p>\n<h2 class=\"\"><span style=\"text-decoration: underline\"><a href=\"https:\/\/bioingenieria.umh.es\/en\/unidad-de-ingenieria-biomedica\/grupo-de-robotica-e-inteligencia-artificial\/\" target=\"\u201d_blank\u201d\" rel=\"noopener\">Robotics and Artificial Intelligence<\/a><\/span><\/h2>\n<p style=\"text-align: justify\">The Robotics and Artificial Intelligence group of the Miguel Hern\u00e1ndez University of Elche is a multidisciplinary group formed by specialists in different disciplines such as medicine, engineering, computer science, physiotherapy, occupational therapy, etc. The distinctive character of the group lies in the synergic contribution of all its members to be able to face with guarantees of success the study of the complex interactions between living systems and artificial systems. Our main objectives are focused on: 1) the design and development of novel advanced robotic rehabilitation systems that improve the motor and cognitive recovery of people who have suffered acquired brain damage; 2) the development of robotic systems that assist elderly people or people with different abilities in performing activities of daily living; and 3) the application of developments in robotics and artificial intelligence to other fields, such as industry, medicine, the service sector, etc.<\/p>\n<p>[\/et_pb_text][\/et_pb_column][\/et_pb_row][et_pb_row padding_mobile=&#8221;off&#8221; column_padding_mobile=&#8221;on&#8221; admin_label=&#8221;row&#8221; _builder_version=&#8221;4.16&#8243; background_size=&#8221;initial&#8221; background_position=&#8221;top_left&#8221; background_repeat=&#8221;repeat&#8221; make_fullwidth=&#8221;off&#8221; use_custom_width=&#8221;on&#8221; width_unit=&#8221;on&#8221; custom_width_px=&#8221;860px&#8221; global_colors_info=&#8221;{}&#8221;][et_pb_column type=&#8221;4_4&#8243; _builder_version=&#8221;4.16&#8243; custom_padding=&#8221;|||&#8221; global_colors_info=&#8221;{}&#8221; custom_padding__hover=&#8221;|||&#8221;][et_pb_text admin_label=&#8221;Texto&#8221; _builder_version=&#8221;4.16&#8243; text_text_color=&#8221;#000000&#8243; background_size=&#8221;initial&#8221; background_position=&#8221;top_left&#8221; background_repeat=&#8221;repeat&#8221; use_border_color=&#8221;off&#8221; border_color=&#8221;#ffffff&#8221; border_style=&#8221;solid&#8221; global_colors_info=&#8221;{}&#8221;]<\/p>\n<h2 class=\"\"><span style=\"text-decoration: underline\"><a href=\"https:\/\/bioingenieria.umh.es\/en\/unidad-de-ingenieria-biomedica\/grupo-de-robotica-medica\/\" target=\"\u201d_blank\u201d\" rel=\"noopener\">Medical Robotics<\/a><\/h2>\n<p style=\"text-align: justify\">The medical robotics group is a muldisciplinary team dedicated to the development of robotic technology in the field of health and surgery. Experts in the development of wearable electronics for monitoring biometric parameters and in the application of artificial intelligence (AI) techniques for early diagnosis of pathologies and \/ or the improvement of quality of life of users. In the field of surgery we work on the development of new intraoperative medical imaging systems, based on RF and US, for application to imaging-guided robotic surgery.<\/p>\n<p>[\/et_pb_text][\/et_pb_column][\/et_pb_row][et_pb_row _builder_version=&#8221;4.17.4&#8243; _module_preset=&#8221;default&#8221; global_colors_info=&#8221;{}&#8221;][et_pb_column type=&#8221;4_4&#8243; _builder_version=&#8221;4.17.4&#8243; _module_preset=&#8221;default&#8221; global_colors_info=&#8221;{}&#8221;][et_pb_text _builder_version=&#8221;4.17.4&#8243; _module_preset=&#8221;default&#8221; global_colors_info=&#8221;{}&#8221;]<\/p>\n<h2 class=\"\"><span style=\"text-decoration: underline\"><a href=\"http:\/\/bioingenieria.umh.es\/en\/grupo-de-neuroprotesis-y-rehabilitacion-visual\/\" target=\"\u201d_blank\u201d\" rel=\"noopener\">Biomedical Neuroengineering<\/a><\/span><\/h2>\n<p>We are a multidisciplinary group made up of specialists in various fields such as engineering, biology, computing, robotics, medicine, etc. Our main objective is basic and applied research in visual pathologies, optogenetics, study of therapies against visual neuropathies, the design and development of robotic devices and systems that help improve cognitive and communicative capacity, health and physical capacity of people with motor and sensory disabilities.<\/p>\n<p>[\/et_pb_text][\/et_pb_column][\/et_pb_row][\/et_pb_section][et_pb_section fb_built=&#8221;1&#8243; disabled_on=&#8221;on|on|on&#8221; _builder_version=&#8221;4.16&#8243; disabled=&#8221;on&#8221; global_colors_info=&#8221;{}&#8221;][et_pb_row _builder_version=&#8221;4.16&#8243; global_colors_info=&#8221;{}&#8221;][et_pb_column type=&#8221;4_4&#8243; _builder_version=&#8221;4.16&#8243; global_colors_info=&#8221;{}&#8221;][:es _i=&#8221;0&#8243; _address=&#8221;4.0.0.0&#8243; \/][:en _i=&#8221;1&#8243; _address=&#8221;4.0.0.1&#8243; \/][: _i=&#8221;2&#8243; _address=&#8221;4.0.0.2&#8243; \/][\/et_pb_column][\/et_pb_row][\/et_pb_section]<\/p>\n","protected":false},"excerpt":{"rendered":"<p>nBio, la Unidad de Neuroingenier\u00eda Biom\u00e9dica, centra sus intereses de investigaci\u00f3n en la rob\u00f3tica m\u00e9dica y quir\u00fargica, los dispositivos de rehabilitaci\u00f3n y asistencia, la inteligencia artificial, la medicina regenerativa, las neuropr\u00f3tesis visuales, la imagen m\u00e9dica, la interacci\u00f3n hombre-robot, el desarrollo de dispositivos capaces de interactuar de forma bidireccional con el sistema nervioso (registro y estimulaci\u00f3n), [&hellip;]<\/p>\n","protected":false},"author":1595,"featured_media":0,"parent":0,"menu_order":54,"comment_status":"open","ping_status":"open","template":"","meta":{"_et_pb_use_builder":"on","_et_pb_old_content":"","_et_gb_content_width":"","_links_to":"","_links_to_target":""},"_links":{"self":[{"href":"https:\/\/bioingenieria.umh.es\/en\/wp-json\/wp\/v2\/pages\/4231"}],"collection":[{"href":"https:\/\/bioingenieria.umh.es\/en\/wp-json\/wp\/v2\/pages"}],"about":[{"href":"https:\/\/bioingenieria.umh.es\/en\/wp-json\/wp\/v2\/types\/page"}],"author":[{"embeddable":true,"href":"https:\/\/bioingenieria.umh.es\/en\/wp-json\/wp\/v2\/users\/1595"}],"replies":[{"embeddable":true,"href":"https:\/\/bioingenieria.umh.es\/en\/wp-json\/wp\/v2\/comments?post=4231"}],"version-history":[{"count":0,"href":"https:\/\/bioingenieria.umh.es\/en\/wp-json\/wp\/v2\/pages\/4231\/revisions"}],"wp:attachment":[{"href":"https:\/\/bioingenieria.umh.es\/en\/wp-json\/wp\/v2\/media?parent=4231"}],"curies":[{"name":"wp","href":"https:\/\/api.w.org\/{rel}","templated":true}]}}